{"id":1579,"date":"2017-04-12T20:43:01","date_gmt":"2017-04-12T20:43:01","guid":{"rendered":"https:\/\/starproduksiyon.com.tr\/?page_id=1579"},"modified":"2026-01-08T20:08:01","modified_gmt":"2026-01-08T20:08:01","slug":"contact-2-background-image","status":"publish","type":"page","link":"https:\/\/starproduksiyon.com.tr\/?page_id=1579","title":{"rendered":"\u0130LET\u0130\u015e\u0130M"},"content":{"rendered":"<p>[vc_row equal_height=&#8221;yes&#8221; content_placement=&#8221;bottom&#8221; css=&#8221;.vc_custom_1492024407279{margin-top: 250px !important;}&#8221;][vc_column][vc_row_inner equal_height=&#8221;yes&#8221; content_placement=&#8221;bottom&#8221; gap=&#8221;25&#8243; css=&#8221;.vc_custom_1492024428230{padding-top: 90px !important;padding-right: 90px !important;padding-bottom: 90px !important;padding-left: 90px !important;}&#8221;][vc_column_inner width=&#8221;1\/2&#8243;][vc_custom_heading text=&#8221;\u0130leti\u015fim&#8221; font_container=&#8221;tag:h1|text_align:left|color:%23ff004e&#8221; use_theme_fonts=&#8221;yes&#8221; fit_bg_text=&#8221;0&#8243;][vc_column_text css=&#8221;.vc_custom_1531139160568{margin-bottom: 70px !important;}&#8221;]<\/p>\n<h2>Bilgi Almak \u0130\u00e7in<\/h2>\n<p>\u00c7ankaya, Ankara, T\u00fcrkiye<\/p>\n<p>E-Posta<br \/>\n<a href=\"mailto:info@starproduksiyon.com.tr\">info@starproduksiyon.com.tr<\/a><\/p>\n<p>Telefon<br \/>\n+90 532 419 00 00<\/p>\n<p>&nbsp;<\/p>\n<p>&nbsp;<\/p>\n<p>[\/vc_column_text][\/vc_column_inner][vc_column_inner width=&#8221;1\/2&#8243; css=&#8221;.vc_custom_1492024305998{margin-top: 70px !important;margin-bottom: 70px !important;}&#8221;]\n<div class=\"wpcf7 no-js\" id=\"wpcf7-f1577-o1\" lang=\"en-US\" dir=\"ltr\" data-wpcf7-id=\"1577\">\n<div class=\"screen-reader-response\"><p role=\"status\" aria-live=\"polite\" aria-atomic=\"true\"><\/p> <ul><\/ul><\/div>\n<form action=\"\/index.php?rest_route=%2Fwp%2Fv2%2Fpages%2F1579#wpcf7-f1577-o1\" method=\"post\" class=\"wpcf7-form init\" aria-label=\"Contact form\" novalidate=\"novalidate\" data-status=\"init\">\n<div style=\"display: none;\">\n<input type=\"hidden\" name=\"_wpcf7\" value=\"1577\" \/>\n<input type=\"hidden\" name=\"_wpcf7_version\" value=\"6.0.3\" \/>\n<input type=\"hidden\" name=\"_wpcf7_locale\" value=\"en_US\" \/>\n<input type=\"hidden\" name=\"_wpcf7_unit_tag\" value=\"wpcf7-f1577-o1\" \/>\n<input type=\"hidden\" name=\"_wpcf7_container_post\" value=\"0\" \/>\n<input type=\"hidden\" name=\"_wpcf7_posted_data_hash\" value=\"\" \/>\n<\/div>\n<p><label> Ad Soyad (zorunlu)<br \/>\n<span class=\"wpcf7-form-control-wrap\" data-name=\"your-name\"><input size=\"40\" maxlength=\"400\" class=\"wpcf7-form-control wpcf7-text wpcf7-validates-as-required\" aria-required=\"true\" aria-invalid=\"false\" value=\"\" type=\"text\" name=\"your-name\" \/><\/span> <\/label>\n<\/p>\n<p><label> E-Posta (zorunlu)<br \/>\n<span class=\"wpcf7-form-control-wrap\" data-name=\"your-email\"><input size=\"40\" maxlength=\"400\" class=\"wpcf7-form-control wpcf7-email wpcf7-validates-as-required wpcf7-text wpcf7-validates-as-email\" aria-required=\"true\" aria-invalid=\"false\" value=\"\" type=\"email\" name=\"your-email\" \/><\/span> <\/label>\n<\/p>\n<p><label> Konu<br \/>\n<span class=\"wpcf7-form-control-wrap\" data-name=\"your-subject\"><input size=\"40\" maxlength=\"400\" class=\"wpcf7-form-control wpcf7-text\" aria-invalid=\"false\" value=\"\" type=\"text\" name=\"your-subject\" \/><\/span> <\/label>\n<\/p>\n<p><label> Mesaj\u0131n\u0131z<br \/>\n<span class=\"wpcf7-form-control-wrap\" data-name=\"your-message\"><textarea cols=\"40\" rows=\"10\" maxlength=\"2000\" class=\"wpcf7-form-control wpcf7-textarea\" aria-invalid=\"false\" name=\"your-message\"><\/textarea><\/span> <\/label>\n<\/p>\n<p><input class=\"wpcf7-form-control wpcf7-submit has-spinner\" type=\"submit\" value=\"G\u00f6nder\" \/>\n<\/p><div class=\"wpcf7-response-output\" aria-hidden=\"true\"><\/div>\n<\/form>\n<\/div>\n[\/vc_column_inner][\/vc_row_inner][\/vc_column][\/vc_row]<\/p>\n","protected":false},"excerpt":{"rendered":"<p>[vc_row equal_height=&#8221;yes&#8221; content_placement=&#8221;bottom&#8221; css=&#8221;.vc_custom_1492024407279{margin-top: 250px !important;}&#8221;][vc_column][vc_row_inner equal_height=&#8221;yes&#8221; content_placement=&#8221;bottom&#8221; gap=&#8221;25&#8243; css=&#8221;.vc_custom_1492024428230{padding-top: 90px !important;padding-right: 90px !important;padding-bottom: 90px !important;padding-left: 90px !important;}&#8221;][vc_column_inner width=&#8221;1\/2&#8243;][vc_custom_heading text=&#8221;\u0130leti\u015fim&#8221; font_container=&#8221;tag:h1|text_align:left|color:%23ff004e&#8221; use_theme_fonts=&#8221;yes&#8221; fit_bg_text=&#8221;0&#8243;][vc_column_text css=&#8221;.vc_custom_1531139160568{margin-bottom: 70px !important;}&#8221;] Bilgi Almak \u0130\u00e7in \u00c7ankaya, Ankara, T\u00fcrkiye E-Posta info@starproduksiyon.com.tr Telefon +90 532 419 00 00 &nbsp; &nbsp; [\/vc_column_text][\/vc_column_inner][vc_column_inner width=&#8221;1\/2&#8243; css=&#8221;.vc_custom_1492024305998{margin-top: 70px !important;margin-bottom: 70px !important;}&#8221;][\/vc_column_inner][\/vc_row_inner][\/vc_column][\/vc_row]<\/p>\n","protected":false},"author":1,"featured_media":0,"parent":0,"menu_order":0,"comment_status":"closed","ping_status":"closed","template":"","meta":{"footnotes":""},"class_list":["post-1579","page","type-page","status-publish","hentry"],"_links":{"self":[{"href":"https:\/\/starproduksiyon.com.tr\/index.php?rest_route=\/wp\/v2\/pages\/1579","targetHints":{"allow":["GET"]}}],"collection":[{"href":"https:\/\/starproduksiyon.com.tr\/index.php?rest_route=\/wp\/v2\/pages"}],"about":[{"href":"https:\/\/starproduksiyon.com.tr\/index.php?rest_route=\/wp\/v2\/types\/page"}],"author":[{"embeddable":true,"href":"https:\/\/starproduksiyon.com.tr\/index.php?rest_route=\/wp\/v2\/users\/1"}],"replies":[{"embeddable":true,"href":"https:\/\/starproduksiyon.com.tr\/index.php?rest_route=%2Fwp%2Fv2%2Fcomments&post=1579"}],"version-history":[{"count":11,"href":"https:\/\/starproduksiyon.com.tr\/index.php?rest_route=\/wp\/v2\/pages\/1579\/revisions"}],"predecessor-version":[{"id":3064,"href":"https:\/\/starproduksiyon.com.tr\/index.php?rest_route=\/wp\/v2\/pages\/1579\/revisions\/3064"}],"wp:attachment":[{"href":"https:\/\/starproduksiyon.com.tr\/index.php?rest_route=%2Fwp%2Fv2%2Fmedia&parent=1579"}],"curies":[{"name":"wp","href":"https:\/\/api.w.org\/{rel}","templated":true}]}}