{"id":1594,"date":"2017-04-12T20:58:42","date_gmt":"2017-04-12T20:58:42","guid":{"rendered":"https:\/\/starproduksiyon.com.tr\/?page_id=1594"},"modified":"2026-01-08T20:06:42","modified_gmt":"2026-01-08T20:06:42","slug":"about-example-2","status":"publish","type":"page","link":"https:\/\/starproduksiyon.com.tr\/?page_id=1594","title":{"rendered":"HAKKIMIZDA"},"content":{"rendered":"<p>[vc_row iron_row_type=&#8221;full_width&#8221; iron_remove_padding_medium=&#8221;tabletnopadding&#8221; iron_remove_padding_small=&#8221;&#8221; iron_overlay_pattern=&#8221;&#8221; iron_parallax=&#8221;&#8221; iron_bg_video=&#8221;&#8221; css=&#8221;.vc_custom_1491998717774{margin-top: 100px !important;margin-bottom: 100px !important;padding-right: 10px !important;padding-left: 10px !important;}&#8221;][vc_column][vc_empty_space height=&#8221;10px&#8221;][vc_row_inner gap=&#8221;30&#8243; iron_bg_video=&#8221;&#8221;][vc_column_inner width=&#8221;1\/2&#8243;][vc_column_text css_animation=&#8221;fadeIn&#8221; css=&#8221;.vc_custom_1531138652666{margin-right: 4px !important;}&#8221;]<span class=\"auto-style4\"><strong>Hakk\u0131m\u0131zda<\/strong><\/span><\/p>\n<p><span class=\"auto-style3\">2005 y\u0131l\u0131nda Yusuf Sava\u015f taraf\u0131ndan kurulan Star Prod\u00fcksiyon; m\u00fczik ve film yap\u0131mc\u0131l\u0131\u011f\u0131, menajerlik, organizasyon ve edisyon faaliyetleri kapsam\u0131ndaki hizmetleri benzersiz ve kaliteli sunarak, alan\u0131nda \u00f6nder bir kurum olmu\u015ftur. Kaliteli m\u00fczik yap\u0131m ve organizasyonlarda temsil etti\u011fi sanat\u00e7\u0131 kadrosuyla beraber imzas\u0131n\u0131 atan ve bu konuda marka olan \u015firketler aras\u0131na girmi\u015ftir.<\/span>[\/vc_column_text][\/vc_column_inner][vc_column_inner width=&#8221;1\/2&#8243;][vc_column_text css_animation=&#8221;fadeIn&#8221; css=&#8221;.vc_custom_1531138688032{margin-left: 4px !important;}&#8221;]<span class=\"auto-style4\"><strong>Visyonumuz<\/strong><\/span><\/p>\n<p><span class=\"auto-style3\">Sekt\u00f6rdeki di\u011fer \u015firketlere \u00f6nderlik etmek, m\u00fczik yap\u0131mc\u0131l\u0131\u011f\u0131 ve organizasyon alan\u0131nda yarat\u0131c\u0131 bulu\u015f ve fikirleriyle sadece kendimizin de\u011fil, rakiplerimizin de bunu payla\u015fmaktan onur duyaca\u011f\u0131 de\u011ferler yaratmak. Sanat\u00e7\u0131lar\u0131m\u0131z\u0131 temsil ederken m\u00fczik yap\u0131mc\u0131l\u0131\u011f\u0131 ve menajerlik kavramlar\u0131na d\u00fcnya standartlar\u0131nda bir a\u00e7\u0131l\u0131m getirmek.Yetenek ve yarat\u0131c\u0131l\u0131\u011f\u0131na inand\u0131\u011f\u0131m\u0131z sanat\u00e7\u0131lar\u0131 m\u00fczik end\u00fcstrisine kazand\u0131rmak. Hizmette temel ald\u0131\u011f\u0131m\u0131z nokta, yap\u0131lan projenin yada hizmetin b\u00fct\u00e7eye g\u00f6re en iyisi olmas\u0131d\u0131r. Klasik anlamda yap\u0131lan projelerden farkl\u0131 projeler \u00fcretmek ve b\u00fcnyemizce geli\u015ftirilen kendimize \u00f6zg\u00fc kurallar\u0131 uygulayarak farkl\u0131 hizmetler vermektir. Bilakis kendimizi rakiplerimizden farkl\u0131 g\u00f6rmek ve bizi tercih edenlerinde fark edilmesini sa\u011flamakt\u0131r.<\/span>[\/vc_column_text][\/vc_column_inner][\/vc_row_inner][\/vc_column][\/vc_row]<\/p>\n","protected":false},"excerpt":{"rendered":"<p>[vc_row iron_row_type=&#8221;full_width&#8221; iron_remove_padding_medium=&#8221;tabletnopadding&#8221; iron_remove_padding_small=&#8221;&#8221; iron_overlay_pattern=&#8221;&#8221; iron_parallax=&#8221;&#8221; iron_bg_video=&#8221;&#8221; css=&#8221;.vc_custom_1491998717774{margin-top: 100px !important;margin-bottom: 100px !important;padding-right: 10px !important;padding-left: 10px !important;}&#8221;][vc_column][vc_empty_space height=&#8221;10px&#8221;][vc_row_inner gap=&#8221;30&#8243; iron_bg_video=&#8221;&#8221;][vc_column_inner width=&#8221;1\/2&#8243;][vc_column_text css_animation=&#8221;fadeIn&#8221; css=&#8221;.vc_custom_1531138652666{margin-right: 4px !important;}&#8221;]Hakk\u0131m\u0131zda 2005 y\u0131l\u0131nda Yusuf Sava\u015f taraf\u0131ndan kurulan Star Prod\u00fcksiyon; m\u00fczik ve film yap\u0131mc\u0131l\u0131\u011f\u0131, menajerlik, organizasyon ve edisyon faaliyetleri kapsam\u0131ndaki hizmetleri benzersiz ve kaliteli sunarak, alan\u0131nda \u00f6nder bir kurum olmu\u015ftur. Kaliteli m\u00fczik yap\u0131m ve organizasyonlarda temsil etti\u011fi sanat\u00e7\u0131 kadrosuyla beraber imzas\u0131n\u0131 atan ve bu konuda marka olan \u015firketler aras\u0131na girmi\u015ftir.[\/vc_column_text][\/vc_column_inner][vc_column_inner width=&#8221;1\/2&#8243;][vc_column_text css_animation=&#8221;fadeIn&#8221; css=&#8221;.vc_custom_1531138688032{margin-left: 4px !important;}&#8221;]Visyonumuz Sekt\u00f6rdeki di\u011fer \u015firketlere [&hellip;]<\/p>\n","protected":false},"author":1,"featured_media":0,"parent":0,"menu_order":0,"comment_status":"closed","ping_status":"closed","template":"","meta":{"footnotes":""},"class_list":["post-1594","page","type-page","status-publish","hentry"],"_links":{"self":[{"href":"https:\/\/starproduksiyon.com.tr\/index.php?rest_route=\/wp\/v2\/pages\/1594","targetHints":{"allow":["GET"]}}],"collection":[{"href":"https:\/\/starproduksiyon.com.tr\/index.php?rest_route=\/wp\/v2\/pages"}],"about":[{"href":"https:\/\/starproduksiyon.com.tr\/index.php?rest_route=\/wp\/v2\/types\/page"}],"author":[{"embeddable":true,"href":"https:\/\/starproduksiyon.com.tr\/index.php?rest_route=\/wp\/v2\/users\/1"}],"replies":[{"embeddable":true,"href":"https:\/\/starproduksiyon.com.tr\/index.php?rest_route=%2Fwp%2Fv2%2Fcomments&post=1594"}],"version-history":[{"count":13,"href":"https:\/\/starproduksiyon.com.tr\/index.php?rest_route=\/wp\/v2\/pages\/1594\/revisions"}],"predecessor-version":[{"id":3062,"href":"https:\/\/starproduksiyon.com.tr\/index.php?rest_route=\/wp\/v2\/pages\/1594\/revisions\/3062"}],"wp:attachment":[{"href":"https:\/\/starproduksiyon.com.tr\/index.php?rest_route=%2Fwp%2Fv2%2Fmedia&parent=1594"}],"curies":[{"name":"wp","href":"https:\/\/api.w.org\/{rel}","templated":true}]}}