{"id":1747,"date":"2017-05-30T14:36:24","date_gmt":"2017-05-30T14:36:24","guid":{"rendered":"https:\/\/starproduksiyon.com.tr\/?page_id=1747"},"modified":"2018-07-09T14:55:26","modified_gmt":"2018-07-09T14:55:26","slug":"all-events","status":"publish","type":"page","link":"https:\/\/starproduksiyon.com.tr\/?page_id=1747","title":{"rendered":"ORGAN\u0130ZASYON"},"content":{"rendered":"<p>[vc_row][vc_column][vc_row_inner css=&#8221;.vc_custom_1496158379794{margin-bottom: 160px !important;}&#8221;][vc_column_inner][vc_column_text]Geni\u015f ileti\u015fim a\u011f\u0131m\u0131z ve tecr\u00fcbeli kadromuzla birlikte, T\u00fcrkiye\u2019nin en \u00f6nemli sanat\u00e7\u0131lar\u0131 ve \u00fcnl\u00fcleri ile birbirinden \u00f6nemli bir\u00e7ok etkinliklerde birlikte \u00e7al\u0131\u015ft\u0131k ve A\u2019dan Z\u2019ye t\u00fcm ihtiya\u00e7lar\u0131n\u0131za \u00f6zel, h\u0131zl\u0131 ve \u015feffaf \u00e7\u00f6z\u00fcmler \u00fcretmeye devam ediyoruz.\u00a0Belediyelerin, kurumsal firmalar\u0131n, derneklerin ve e\u011flence mekanlar\u0131n\u0131n \u00f6zel etkinliklerinde, a\u00e7\u0131k hava, kapal\u0131 salon, otel balo salonu, performans mekan\u0131, k\u00fclt\u00fcr merkezi gibi \u00e7ok \u00e7e\u015fitli mekanlardaki etkinliklerin organizasyonlar\u0131n\u0131 ger\u00e7ekle\u015ftiriyoruz.[\/vc_column_text][\/vc_column_inner][\/vc_row_inner][\/vc_column][\/vc_row]<\/p>\n","protected":false},"excerpt":{"rendered":"<p>[vc_row][vc_column][vc_row_inner css=&#8221;.vc_custom_1496158379794{margin-bottom: 160px !important;}&#8221;][vc_column_inner][vc_column_text]Geni\u015f ileti\u015fim a\u011f\u0131m\u0131z ve tecr\u00fcbeli kadromuzla birlikte, T\u00fcrkiye\u2019nin en \u00f6nemli sanat\u00e7\u0131lar\u0131 ve \u00fcnl\u00fcleri ile birbirinden \u00f6nemli bir\u00e7ok etkinliklerde birlikte \u00e7al\u0131\u015ft\u0131k ve A\u2019dan Z\u2019ye t\u00fcm ihtiya\u00e7lar\u0131n\u0131za \u00f6zel, h\u0131zl\u0131 ve \u015feffaf \u00e7\u00f6z\u00fcmler \u00fcretmeye devam ediyoruz.\u00a0Belediyelerin, kurumsal firmalar\u0131n, derneklerin ve e\u011flence mekanlar\u0131n\u0131n \u00f6zel etkinliklerinde, a\u00e7\u0131k hava, kapal\u0131 salon, otel balo salonu, performans mekan\u0131, k\u00fclt\u00fcr merkezi gibi \u00e7ok \u00e7e\u015fitli mekanlardaki etkinliklerin organizasyonlar\u0131n\u0131 ger\u00e7ekle\u015ftiriyoruz.[\/vc_column_text][\/vc_column_inner][\/vc_row_inner][\/vc_column][\/vc_row]<\/p>\n","protected":false},"author":1,"featured_media":0,"parent":0,"menu_order":0,"comment_status":"closed","ping_status":"closed","template":"","meta":{"footnotes":""},"class_list":["post-1747","page","type-page","status-publish","hentry"],"_links":{"self":[{"href":"https:\/\/starproduksiyon.com.tr\/index.php?rest_route=\/wp\/v2\/pages\/1747","targetHints":{"allow":["GET"]}}],"collection":[{"href":"https:\/\/starproduksiyon.com.tr\/index.php?rest_route=\/wp\/v2\/pages"}],"about":[{"href":"https:\/\/starproduksiyon.com.tr\/index.php?rest_route=\/wp\/v2\/types\/page"}],"author":[{"embeddable":true,"href":"https:\/\/starproduksiyon.com.tr\/index.php?rest_route=\/wp\/v2\/users\/1"}],"replies":[{"embeddable":true,"href":"https:\/\/starproduksiyon.com.tr\/index.php?rest_route=%2Fwp%2Fv2%2Fcomments&post=1747"}],"version-history":[{"count":16,"href":"https:\/\/starproduksiyon.com.tr\/index.php?rest_route=\/wp\/v2\/pages\/1747\/revisions"}],"predecessor-version":[{"id":2796,"href":"https:\/\/starproduksiyon.com.tr\/index.php?rest_route=\/wp\/v2\/pages\/1747\/revisions\/2796"}],"wp:attachment":[{"href":"https:\/\/starproduksiyon.com.tr\/index.php?rest_route=%2Fwp%2Fv2%2Fmedia&parent=1747"}],"curies":[{"name":"wp","href":"https:\/\/api.w.org\/{rel}","templated":true}]}}