{"id":2714,"date":"2018-07-06T19:52:35","date_gmt":"2018-07-06T19:52:35","guid":{"rendered":"https:\/\/starproduksiyon.com.tr\/?page_id=2714"},"modified":"2026-01-08T20:12:40","modified_gmt":"2026-01-08T20:12:40","slug":"2-2","status":"publish","type":"page","link":"https:\/\/starproduksiyon.com.tr\/?page_id=2714","title":{"rendered":"ED\u0130SYON"},"content":{"rendered":"<p>[vc_row content_placement=&#8221;top&#8221; el_class=&#8221;about&#8221; css=&#8221;.vc_custom_1530907848131{margin-top: -150px !important;}&#8221;][vc_column][vc_row_inner content_placement=&#8221;middle&#8221; css=&#8221;.vc_custom_1530906864054{margin-bottom: 100px !important;padding-top: 90px !important;padding-right: 90px !important;padding-bottom: 90px !important;padding-left: 90px !important;}&#8221; el_class=&#8221;whiteTxt&#8221;][vc_column_inner][vc_column_text]Edisyon, s\u00f6z yazar\u0131 besteci, aranj\u00f6r\u00fcn bir eseri meydana getirmesinden do\u011fan hakk\u0131d\u0131r. Anla\u015fmal\u0131 eser sahiplerinin eserlerini uygun yap\u0131mlarda kullan\u0131lmas\u0131n\u0131, eser sahiplerinin haklar\u0131n\u0131 ulus ve uluslar aras\u0131 korunmas\u0131n\u0131, takip edilmesini edisyon \u015firketi sa\u011flar. T\u00fcrk\u00e7e&#8217; yi y\u0131pratmadan \u00fcretken, sa\u011fl\u0131kl\u0131 ileti\u015fim kurabilen, yenilik\u00e7i, duygular\u0131n\u0131z\u0131 kaleme d\u00f6k\u00fcp de\u011ferlenmesini, eserlerinizin t\u00fcm m\u00fczik kanallar\u0131na, sanat\u00e7\u0131lara ula\u015fmas\u0131n\u0131 istiyorsan\u0131z eserlerinizi e-posta adresimize ula\u015ft\u0131rabilirsiniz.<br \/>\n[\/vc_column_text][\/vc_column_inner][\/vc_row_inner][\/vc_column][\/vc_row]<\/p>\n","protected":false},"excerpt":{"rendered":"<p>[vc_row content_placement=&#8221;top&#8221; el_class=&#8221;about&#8221; css=&#8221;.vc_custom_1530907848131{margin-top: -150px !important;}&#8221;][vc_column][vc_row_inner content_placement=&#8221;middle&#8221; css=&#8221;.vc_custom_1530906864054{margin-bottom: 100px !important;padding-top: 90px !important;padding-right: 90px !important;padding-bottom: 90px !important;padding-left: 90px !important;}&#8221; el_class=&#8221;whiteTxt&#8221;][vc_column_inner][vc_column_text]Edisyon, s\u00f6z yazar\u0131 besteci, aranj\u00f6r\u00fcn bir eseri meydana getirmesinden do\u011fan hakk\u0131d\u0131r. Anla\u015fmal\u0131 eser sahiplerinin eserlerini uygun yap\u0131mlarda kullan\u0131lmas\u0131n\u0131, eser sahiplerinin haklar\u0131n\u0131 ulus ve uluslar aras\u0131 korunmas\u0131n\u0131, takip edilmesini edisyon \u015firketi sa\u011flar. T\u00fcrk\u00e7e&#8217; yi y\u0131pratmadan \u00fcretken, sa\u011fl\u0131kl\u0131 ileti\u015fim kurabilen, yenilik\u00e7i, duygular\u0131n\u0131z\u0131 kaleme d\u00f6k\u00fcp de\u011ferlenmesini, eserlerinizin t\u00fcm m\u00fczik kanallar\u0131na, sanat\u00e7\u0131lara ula\u015fmas\u0131n\u0131 istiyorsan\u0131z eserlerinizi e-posta adresimize ula\u015ft\u0131rabilirsiniz. [\/vc_column_text][\/vc_column_inner][\/vc_row_inner][\/vc_column][\/vc_row]<\/p>\n","protected":false},"author":1,"featured_media":0,"parent":0,"menu_order":0,"comment_status":"closed","ping_status":"closed","template":"","meta":{"footnotes":""},"class_list":["post-2714","page","type-page","status-publish","hentry"],"_links":{"self":[{"href":"https:\/\/starproduksiyon.com.tr\/index.php?rest_route=\/wp\/v2\/pages\/2714","targetHints":{"allow":["GET"]}}],"collection":[{"href":"https:\/\/starproduksiyon.com.tr\/index.php?rest_route=\/wp\/v2\/pages"}],"about":[{"href":"https:\/\/starproduksiyon.com.tr\/index.php?rest_route=\/wp\/v2\/types\/page"}],"author":[{"embeddable":true,"href":"https:\/\/starproduksiyon.com.tr\/index.php?rest_route=\/wp\/v2\/users\/1"}],"replies":[{"embeddable":true,"href":"https:\/\/starproduksiyon.com.tr\/index.php?rest_route=%2Fwp%2Fv2%2Fcomments&post=2714"}],"version-history":[{"count":19,"href":"https:\/\/starproduksiyon.com.tr\/index.php?rest_route=\/wp\/v2\/pages\/2714\/revisions"}],"predecessor-version":[{"id":3066,"href":"https:\/\/starproduksiyon.com.tr\/index.php?rest_route=\/wp\/v2\/pages\/2714\/revisions\/3066"}],"wp:attachment":[{"href":"https:\/\/starproduksiyon.com.tr\/index.php?rest_route=%2Fwp%2Fv2%2Fmedia&parent=2714"}],"curies":[{"name":"wp","href":"https:\/\/api.w.org\/{rel}","templated":true}]}}